{"id":876,"date":"2025-04-04T16:58:06","date_gmt":"2025-04-04T14:58:06","guid":{"rendered":"https:\/\/ilmaristengrilli.fi\/?page_id=876"},"modified":"2025-04-04T16:58:06","modified_gmt":"2025-04-04T14:58:06","slug":"ilmaristen-grillin-yleiset-vuokrausehdot","status":"publish","type":"page","link":"https:\/\/ilmaristengrilli.fi\/index.php\/ilmaristen-grillin-yleiset-vuokrausehdot\/","title":{"rendered":"ILMARISTEN GRILLIN YLEISET VUOKRAUSEHDOT"},"content":{"rendered":"\n<p>1. EHTOJEN SOVELTAMINEN JA OSAPUOLET<\/p>\n\n\n\n<p>N\u00e4it\u00e4 yleisi\u00e4 vuokraehtoja (\u201cyleiset vuokrausehdot\u201d) sovelletaan Ilmaristen Grillin (\u201dvuokranantaja\u201d) ja vuokralle ottajan (\u201dvuokraaja\u201d) v\u00e4lisiin irtainten esineiden sek\u00e4 niiden oheistarvikkeiden (\u201dvuokrakalusto\u201d) koskeviin vuokrasopimuksiin (\u201dvuokrasopimus\u201d). Vuokraajan nimi, vuokrattava kalusto sek\u00e4 muut erityisehdot k\u00e4yv\u00e4t ilmi vahvistuksesta. Mik\u00e4li n\u00e4iden yleisten vuokrausehtojen ja vuokratositteen erityisehtojen v\u00e4lill\u00e4 vallitsee ristiriita, sovelletaan ensisijaisesti vuokrasopimuksen ehtoja kussakin yksitt\u00e4istapauksessa.<\/p>\n\n\n\n<p>2. VUOKRASOPIMUKSEN ALKAMINEN<\/p>\n\n\n\n<p>Sopimus vuokranantajan ja vuokraajan v\u00e4lill\u00e4 tehd\u00e4\u00e4n kirjallisesti s\u00e4hk\u00f6postilla tai suullisesti. Vuokrasopimus tulee voimaan vuokraajan maksaessa tilauksen vuokranantajalle tai vuokraajan antaessa hyv\u00e4ksyv\u00e4n vastauksen vuokranantajan tekem\u00e4\u00e4n tarjoukseen. Sopimukseen sovelletaan n\u00e4it\u00e4 Ilmaristen Grillin yleisi\u00e4 vuokrausehtoja riippumatta siit\u00e4, sovitaanko vuokrauksesta suullisesti vai kirjallisesti. Jos Asiakas my\u00f6hemmin ilmoittaa tarvitsevansa muita laitteita tai palveluita kuin sopimuksessa mainitut, osapuolet neuvottelevat erikseen niiden toimituksesta ja sen aiheuttamista lis\u00e4kustannuksista.<\/p>\n\n\n\n<p>3. VUOKRAKALUSTO<\/p>\n\n\n\n<p>Vuokrakalusto vuokrataan siin\u00e4 kunnossa kuin se on noutohetkell\u00e4. Vuokrakaluston yksinomainen omistusoikeus kuuluu vuokranantajalle. Asiakas ei ole oikeutettu tekem\u00e4\u00e4n mit\u00e4\u00e4n fyysisi\u00e4 muutoksia kalustoon. Vuokraajalla ei vuokra-ajan aikana ole oikeutta siirt\u00e4\u00e4 tai luovuttaa vuokrakalustoa kolmannelle osapuolelle, ellei toisin ole suullisesti tai kirjallisesti sovittu.<\/p>\n\n\n\n<p>4. VUOKRAAJAN VASTUU<\/p>\n\n\n\n<p>Vuokraaja vastaa vuokrakaluston turvallisesta s\u00e4ilytyksest\u00e4 vuokra-ajan. Vuokraaja on vastuussa vuokrakaluston noutamisesta vuokranantajan toimitiloista vuokranantajan toimipisteen aukioloaikana tai erikseen sovittavana ajankohtana, sek\u00e4 vuokrakaluston k\u00e4ytt\u00f6paikkaan kuljettamisesta. Vuokranantajan tuottamasta kuljetuksesta on sovittava erikseen. Vuokraajan tulee vuokra-ajan p\u00e4\u00e4ttyess\u00e4 palauttaa vuokrakalusto vuokranantajan toimitiloihin siin\u00e4 kunnossa kuin ne olivat vuokra-ajan alkaessa, lukuun ottamatta normaalia k\u00e4yt\u00f6st\u00e4 johtuvaa kulumista. Vuokranantajan tuottamasta takaisin kuljetuksesta on sovittava erikseen. Vuokraajan tulee k\u00e4ytt\u00e4\u00e4 vuokrakalustoa k\u00e4ytt\u00f6- ja huolto-ohjeiden mukaisesti. Vuokraaja on vastuussa kalustoa k\u00e4ytt\u00e4v\u00e4n henkil\u00f6st\u00f6n kaluston k\u00e4ytt\u00f6\u00f6n soveltuvasta ja riitt\u00e4v\u00e4st\u00e4 koulutuksesta ja\/tai ammattitaidosta. Tavanomaisia hoito- ja yll\u00e4pitotoimenpiteit\u00e4 lukuunottamatta vuokraaja ei saa korjata tai kolmannella osapuolella korjauttaa vuokrakalustoa ilman Ilmaristen Grillin suostumusta. Rikkoutuneista ja toimimattomista laitteista on ilmoitettava viipym\u00e4tt\u00e4, kuitenkin viimeist\u00e4\u00e4n kalustoa palautettaessa.<\/p>\n\n\n\n<p>5. VUOKRAKALUSTOLLE AIHEUTUNUT VAHINKO TAI MENETYS<\/p>\n\n\n\n<p>Vuokraajan tulee tarkastaa vuokrakalusto v\u00e4litt\u00f6m\u00e4sti noutamisen yhteydess\u00e4, kuitenkin viimeist\u00e4\u00e4n kasauksen yhteydess\u00e4. Mik\u00e4li t\u00e4ss\u00e4 tarkastuksessa ei k\u00e4y ilmi vuokrakalustossa olevaa selke\u00e4\u00e4 virhett\u00e4 tai vikaa, eik\u00e4 siit\u00e4 tehd\u00e4 samassa yhteydess\u00e4 nimenomaista ilmoitusta, katsotaan vuokraajan hyv\u00e4ksyneen vuokrakalusto asianmukaisessa kunnossa. Vuokraaja on velvollinen korvaamaan vuokrakalustolle vuokra-aikana huolimattomuudesta tai virheellisest\u00e4 k\u00e4sittelyst\u00e4 aiheutuneet vahingot ja kustannukset. Vuokraaja on velvollinen korvaamaan vuokra-aikana tuhoutuneen tai kadonneen vuokrakaluston sen uushankinta-arvoon. Vuokranantaja vastaa vuokrakaluston normaalista kulumisesta aiheutuvista korjauskustannuksista.<\/p>\n\n\n\n<p>6. VUOKRAHINNAT<\/p>\n\n\n\n<p>Mik\u00e4li muuta ei sovita, vuokrakaluston vuokrahinnat m\u00e4\u00e4r\u00e4ytyv\u00e4t vuokra-ajan alkamishetkell\u00e4 kulloinkin voimassa olevan vuokranantajan vuokrahinnaston tai annetun tarjouksen mukaisesti.<\/p>\n\n\n\n<p>7. MAKSUEHDOT<\/p>\n\n\n\n<p>Mik\u00e4li muuta ei ole sovittu, vuokra laskutetaan varauksen vastaanotettuamme kolmen (3) vuorokauden maksuajalla. Mik\u00e4li maksua ei ole t\u00e4ss\u00e4 ajassa saapunut perumme varauksen. Mik\u00e4li varauksen alkamiseen on v\u00e4hemm\u00e4n aikaa maksu on suoritettava v\u00e4litt\u00f6sti. Mik\u00e4li vuokra-aika on yli kuukausi, vuokra laskutetaan kuukausittain tai sopimuksen mukaan.<\/p>\n\n\n\n<p>8. VUOKRAUKSEN PERUUTTAMINEN<\/p>\n\n\n\n<p>Mik\u00e4li ei ole muuta sovittu, vuokraaja on velvollinen maksamaan vuokranantajalle 50 % peruutetun vuokrakaluston vuokrahinnasta, jos vuokrakaluston tai vuokrakaluston osan peruutus tehd\u00e4\u00e4n vuokra-ajan alkamista edelt\u00e4v\u00e4n 30 vuorokauden aikana.<\/p>\n\n\n\n<p>9. SOPIMUKSEN P\u00c4\u00c4TTYMINEN<\/p>\n\n\n\n<p>Vuokrasopimus p\u00e4\u00e4ttyy sovitun vuokra-ajan p\u00e4\u00e4ttyess\u00e4. Mik\u00e4li vuokraaja olennaisesti rikkoo n\u00e4it\u00e4 yleisi\u00e4 vuokrausehtoja tai vuokrasopimusta, laiminly\u00f6 kertyneiden vuokrien maksun huomautuksesta huolimatta, tai jos vuokraaja on asetettu konkurssiin tai selvitystilaan, tai muuten k\u00e4y ilmeiseksi, ett\u00e4 vuokraaja ei kykene selviytym\u00e4\u00e4n kertyneiden tai kertyvien vuokrien maksusta, vuokranantaja on oikeutettu p\u00e4\u00e4tt\u00e4m\u00e4\u00e4n sopimuksen v\u00e4litt\u00f6m\u00e4sti purkuilmoituksella ja vuokranantajalla on oikeus ottaa vuokrakalusto takaisin haltuunsa vuokraajaa kuulematta. Vuokraaja on velvollinen korvaamaan vuokrasopimuksen purkamisesta vuokranantajalle aiheutuneet kustannukset ja vahingot.<\/p>\n\n\n\n<p>10. VASTUU VAHINGOISTA JA VAASTUUNRAJAUS<\/p>\n\n\n\n<p>Vuokranantaja ei vastaa vuokrakaluston k\u00e4yt\u00f6st\u00e4 tai rikkoutumisesta vuokraajalle mahdollisesti aiheutuvista v\u00e4lillisist\u00e4 tai v\u00e4litt\u00f6mist\u00e4 kustannuksista tai vahingoista, kuten liikevoiton, myyntitulojen tai s\u00e4\u00e4st\u00f6jen menetyksist\u00e4, tuotannon tai liikevaihdon v\u00e4hentymisest\u00e4 tai keskeytymisest\u00e4 aiheutuvista vahingoista tai kolmansille osapuolille maksettavista vahingonkorvauksista. Vuokranantajan vastuu on kaikissa tilanteissa rajattu Asiakkaan tekem\u00e4n tilauksen hintaan.<\/p>\n\n\n\n<p>11. YLIVOIMAINEN ESTE<\/p>\n\n\n\n<p>Vuokranantaja ei ole velvollinen t\u00e4ytt\u00e4m\u00e4\u00e4n sopimusta, jos sellainen osapuolen sopimusvelvollisuuden est\u00e4v\u00e4 tai kohtuuttoman vaikeaksi tekev\u00e4 este, jota ei ole voitu tilausta tehdess\u00e4 kohtuudella ennakoida, ja jonka aiheuttaa jokin ulkopuolinen poikkeuksellinen este, luonnoneste, tulipalo, konevaurio tai siihen verrattava h\u00e4iri\u00f6, lakko, ty\u00f6sulku, sota, liikekannallepano, vienti- tai tuontikielto, viranomaisen asettama yleinen rajoitus, kuljetusv\u00e4lineiden puute, valmistuksen lopettaminen, liikenneh\u00e4iri\u00f6 tai muu yht\u00e4 merkitt\u00e4v\u00e4 ja ep\u00e4tavallinen este, jota vuokranantaja ei voi voittaa, est\u00e4\u00e4 tavaran tai sen osan toimittamisen. My\u00f6s silloin, kun sopimuksen t\u00e4ytt\u00e4minen edellytt\u00e4isi uhrauksia, jotka ovat kohtuuttomia verrattuna vuokraajalle siit\u00e4 koituvaan etuun, vuokranantaja ei ole velvollinen t\u00e4ytt\u00e4m\u00e4\u00e4n sopimusta. Ylivoimaisen esteen haitatessa vuokrakaluston toimitusta vuokranantajalla on oikeus tarjota mahdollisimman l\u00e4helle alkuper\u00e4ist\u00e4 sis\u00e4lt\u00f6\u00e4 vastaavaa ratkaisua vuokraajan k\u00e4ytt\u00f6\u00f6n. Ylivoimaisen esteen aiheuttaman peruuntumisen sattuessa, vuokranantajalla on oikeus laskuttaa tilauksesta jo aiheutuneet kustannukset asiakkaalta. T\u00e4m\u00e4 sis\u00e4lt\u00e4\u00e4 my\u00f6s investoinnit, joita mahdollisesti on jouduttu nimenomaan t\u00e4t\u00e4 tilausta varten tekem\u00e4\u00e4n.<\/p>\n\n\n\n<p>12. SOPIMUKSEN SIIRTO<\/p>\n\n\n\n<p>Kumpikaan osapuoli, ei vuokraaja eik\u00e4 vuokranantaja, ole oikeutettu siirt\u00e4m\u00e4\u00e4n sopimusta tai siit\u00e4 johtuvia velvoitteita kolmansille osapuolille.<\/p>\n\n\n\n<p>13. SOVELLETTAVA LAKI<\/p>\n\n\n\n<p>N\u00e4ihin yleisiin vuokrausehtoihin ja vuokrasopimukseen sovelletaan Suomen lakia.<\/p>\n\n\n\n<p>14. RIITOJEN RATKAISEMINEN<\/p>\n\n\n\n<p>Vuokrasopimuksesta ja n\u00e4ist\u00e4 yleisist\u00e4 vuokrausehdoista aiheutuvat riidat ratkaistaan Ilmaristen Grillin kotipaikan k\u00e4r\u00e4j\u00e4oikeudessa.<\/p>\n","protected":false},"excerpt":{"rendered":"<p>1. EHTOJEN SOVELTAMINEN JA OSAPUOLET N\u00e4it\u00e4 yleisi\u00e4 vuokraehtoja (\u201cyleiset vuokrausehdot\u201d) sovelletaan Ilmaristen Grillin (\u201dvuokranantaja\u201d) ja vuokralle ottajan (\u201dvuokraaja\u201d) v\u00e4lisiin irtainten esineiden sek\u00e4 niiden oheistarvikkeiden (\u201dvuokrakalusto\u201d) koskeviin vuokrasopimuksiin (\u201dvuokrasopimus\u201d). Vuokraajan nimi, vuokrattava kalusto sek\u00e4 muut erityisehdot k\u00e4yv\u00e4t ilmi vahvistuksesta. Mik\u00e4li n\u00e4iden yleisten vuokrausehtojen ja vuokratositteen erityisehtojen v\u00e4lill\u00e4 vallitsee ristiriita, sovelletaan ensisijaisesti vuokrasopimuksen ehtoja kussakin yksitt\u00e4istapauksessa. 2. &hellip; <\/p>\n<p class=\"link-more\"><a href=\"https:\/\/ilmaristengrilli.fi\/index.php\/ilmaristen-grillin-yleiset-vuokrausehdot\/\" class=\"more-link\">Jatka lukemista<span class=\"screen-reader-text\"> &#8221;ILMARISTEN GRILLIN YLEISET VUOKRAUSEHDOT&#8221;<\/span><\/a><\/p>\n","protected":false},"author":1,"featured_media":0,"parent":0,"menu_order":0,"comment_status":"closed","ping_status":"closed","template":"","meta":{"footnotes":""},"class_list":["post-876","page","type-page","status-publish","hentry"],"_links":{"self":[{"href":"https:\/\/ilmaristengrilli.fi\/index.php\/wp-json\/wp\/v2\/pages\/876","targetHints":{"allow":["GET"]}}],"collection":[{"href":"https:\/\/ilmaristengrilli.fi\/index.php\/wp-json\/wp\/v2\/pages"}],"about":[{"href":"https:\/\/ilmaristengrilli.fi\/index.php\/wp-json\/wp\/v2\/types\/page"}],"author":[{"embeddable":true,"href":"https:\/\/ilmaristengrilli.fi\/index.php\/wp-json\/wp\/v2\/users\/1"}],"replies":[{"embeddable":true,"href":"https:\/\/ilmaristengrilli.fi\/index.php\/wp-json\/wp\/v2\/comments?post=876"}],"version-history":[{"count":1,"href":"https:\/\/ilmaristengrilli.fi\/index.php\/wp-json\/wp\/v2\/pages\/876\/revisions"}],"predecessor-version":[{"id":878,"href":"https:\/\/ilmaristengrilli.fi\/index.php\/wp-json\/wp\/v2\/pages\/876\/revisions\/878"}],"wp:attachment":[{"href":"https:\/\/ilmaristengrilli.fi\/index.php\/wp-json\/wp\/v2\/media?parent=876"}],"curies":[{"name":"wp","href":"https:\/\/api.w.org\/{rel}","templated":true}]}}