{"id":835,"date":"2025-03-31T13:53:18","date_gmt":"2025-03-31T11:53:18","guid":{"rendered":"https:\/\/ilmaristengrilli.fi\/?page_id=835"},"modified":"2026-03-20T23:49:42","modified_gmt":"2026-03-20T21:49:42","slug":"turvallisuus","status":"publish","type":"page","link":"https:\/\/ilmaristengrilli.fi\/index.php\/turvallisuus\/","title":{"rendered":"Turvallisuus"},"content":{"rendered":"\n<h2 class=\"wp-block-heading has-text-align-left\"><strong>Vuokranantaja<\/strong><\/h2>\n\n\n\n<p>Toiminnan harjoittaja Ilmaristen Grilli, Y-tunnus:\u00a02123463-1, postiosoite: Pahkalaukkaantie 2, 21350 Ilmarinen, Vastuuhenkil\u00f6 Mikko Alkki, Toiminnan luonne: Pomppulinnojen vuokraus.<\/p>\n\n\n\n<p><strong>Valvonta<\/strong><\/p>\n\n\n\n<p>Pomppulinnoja on valvottava k\u00e4yt\u00f6n aikana. Pomppulinnojen valvonta on vuokraajan vastuulla.<\/p>\n\n\n\n<p><strong>Pomppijoiden rajoitukset<\/strong><\/p>\n\n\n\n<p>Pomppijoiden maksimi pituus on 180cm.&nbsp; Pomppulinnoissa ollaan aina ilman kenki\u00e4. Ruokien, juomien, sek\u00e4 ter\u00e4vien esineiden vienti pomppulinnoihin on kielletty\u00e4. Pomppulinnoissa volttien tekeminen, reunoilla\/seinill\u00e4\/katolla kiipeily, sek\u00e4 t\u00f6niminen on ehdottomasti kielletty.<\/p>\n\n\n\n<ul class=\"wp-block-list\">\n<li>Pomppulinnojen enimm\u00e4is henkil\u00f6m\u00e4\u00e4r\u00e4t Amazone Safari 8 henkil\u00f6\u00e4<\/li>\n\n\n\n<li>Enimm\u00e4ispituus 180cm<\/li>\n\n\n\n<li>Ei kenki\u00e4<\/li>\n\n\n\n<li>Ei ruokia\/juomia<\/li>\n\n\n\n<li>Ei ter\u00e4vi\u00e4 esineit\u00e4<\/li>\n\n\n\n<li>Ei reunoilla\/seinill\u00e4\/katolle kiipeily\u00e4<\/li>\n\n\n\n<li>Ei t\u00f6nimist\u00e4<\/li>\n\n\n\n<li>Ei voltteja<\/li>\n<\/ul>\n\n\n\n<p><strong>Sijoittaminen<\/strong><\/p>\n\n\n\n<p>Pomppulinnat on sijoitettava turvalliseen paikkaan, sek\u00e4 ankkuroitava tukevasti paikoilleen maa-ankkureilla, sek\u00e4 sidontaliinoilla, jos mahdollista. Kiinnikkeiden pit\u00e4vyys varmistettava s\u00e4\u00e4nn\u00f6llisesti. <\/p>\n\n\n\n<p><strong>Olosuhteet<\/strong><\/p>\n\n\n\n<p>Pomppulinnojen k\u00e4ytt\u00f6 on keskeytett\u00e4v\u00e4 v\u00e4litt\u00f6m\u00e4sti rankkasateen tai eritt\u00e4in kovan tuulen vuoksi.&nbsp;<\/p>\n\n\n\n<p><strong>Pomppulinnojen tiedot<\/strong><\/p>\n\n\n\n<p>Pomppulinnat on ostettu JB Inflatable B.V.:lt\u00e4. Pomppulinnat t\u00e4ytt\u00e4v\u00e4t vaaditun standardin SFS-EN 14960:2019 Inflatable play equipment.<\/p>\n\n\n\n<p><strong>Vakuuttaminen<\/strong><\/p>\n\n\n\n<p>Pomppulinnojen vuokralle antaja ei ole vakuuttanut pomppijoita. Mik\u00e4li vuokrauksen k\u00e4ytt\u00f6tarkoitus edellytt\u00e4\u00e4 vakuuttamista, vuokralle ottaja vastaa vakuuttamisesta.  <\/p>\n\n\n\n<p><\/p>\n","protected":false},"excerpt":{"rendered":"<p>Vuokranantaja Toiminnan harjoittaja Ilmaristen Grilli, Y-tunnus:\u00a02123463-1, postiosoite: Pahkalaukkaantie 2, 21350 Ilmarinen, Vastuuhenkil\u00f6 Mikko Alkki, Toiminnan luonne: Pomppulinnojen vuokraus. Valvonta Pomppulinnoja on valvottava k\u00e4yt\u00f6n aikana. Pomppulinnojen valvonta on vuokraajan vastuulla. Pomppijoiden rajoitukset Pomppijoiden maksimi pituus on 180cm.&nbsp; Pomppulinnoissa ollaan aina ilman kenki\u00e4. Ruokien, juomien, sek\u00e4 ter\u00e4vien esineiden vienti pomppulinnoihin on kielletty\u00e4. Pomppulinnoissa volttien tekeminen, reunoilla\/seinill\u00e4\/katolla kiipeily, &hellip; <\/p>\n<p class=\"link-more\"><a href=\"https:\/\/ilmaristengrilli.fi\/index.php\/turvallisuus\/\" class=\"more-link\">Jatka lukemista<span class=\"screen-reader-text\"> &#8221;Turvallisuus&#8221;<\/span><\/a><\/p>\n","protected":false},"author":1,"featured_media":0,"parent":0,"menu_order":0,"comment_status":"closed","ping_status":"closed","template":"","meta":{"footnotes":""},"class_list":["post-835","page","type-page","status-publish","hentry"],"_links":{"self":[{"href":"https:\/\/ilmaristengrilli.fi\/index.php\/wp-json\/wp\/v2\/pages\/835","targetHints":{"allow":["GET"]}}],"collection":[{"href":"https:\/\/ilmaristengrilli.fi\/index.php\/wp-json\/wp\/v2\/pages"}],"about":[{"href":"https:\/\/ilmaristengrilli.fi\/index.php\/wp-json\/wp\/v2\/types\/page"}],"author":[{"embeddable":true,"href":"https:\/\/ilmaristengrilli.fi\/index.php\/wp-json\/wp\/v2\/users\/1"}],"replies":[{"embeddable":true,"href":"https:\/\/ilmaristengrilli.fi\/index.php\/wp-json\/wp\/v2\/comments?post=835"}],"version-history":[{"count":4,"href":"https:\/\/ilmaristengrilli.fi\/index.php\/wp-json\/wp\/v2\/pages\/835\/revisions"}],"predecessor-version":[{"id":976,"href":"https:\/\/ilmaristengrilli.fi\/index.php\/wp-json\/wp\/v2\/pages\/835\/revisions\/976"}],"wp:attachment":[{"href":"https:\/\/ilmaristengrilli.fi\/index.php\/wp-json\/wp\/v2\/media?parent=835"}],"curies":[{"name":"wp","href":"https:\/\/api.w.org\/{rel}","templated":true}]}}